{"id":412,"date":"2020-05-15T23:54:53","date_gmt":"2020-05-15T23:54:53","guid":{"rendered":"https:\/\/wysstn.ch\/?page_id=412"},"modified":"2020-05-27T18:24:34","modified_gmt":"2020-05-27T18:24:34","slug":"unterstuetzung","status":"publish","type":"page","link":"https:\/\/wysstn.ch\/?page_id=412","title":{"rendered":"Unterst\u00fctzung"},"content":{"rendered":"\t\t<div data-elementor-type=\"wp-page\" data-elementor-id=\"412\" class=\"elementor elementor-412\" data-elementor-settings=\"[]\">\n\t\t\t\t\t\t<div class=\"elementor-inner\">\n\t\t\t\t\t\t\t<div class=\"elementor-section-wrap\">\n\t\t\t\t\t\t\t<section class=\"elementor-section elementor-top-section elementor-element elementor-element-35108bf8 elementor-section-boxed elementor-section-height-default elementor-section-height-default\" data-id=\"35108bf8\" data-element_type=\"section\" id=\"why-energy-panels\" data-settings=\"{&quot;background_background&quot;:&quot;classic&quot;}\">\n\t\t\t\t\t\t\t<div class=\"elementor-background-overlay\"><\/div>\n\t\t\t\t\t\t\t<div class=\"elementor-container elementor-column-gap-default\">\n\t\t\t\t\t\t\t<div class=\"elementor-row\">\n\t\t\t\t\t<div class=\"elementor-column elementor-col-50 elementor-top-column elementor-element elementor-element-2f780469\" data-id=\"2f780469\" data-element_type=\"column\">\n\t\t\t<div class=\"elementor-column-wrap\">\n\t\t\t\t\t\t\t<div class=\"elementor-widget-wrap\">\n\t\t\t\t\t\t\t\t<\/div>\n\t\t\t\t\t<\/div>\n\t\t<\/div>\n\t\t\t\t<div class=\"elementor-column elementor-col-50 elementor-top-column elementor-element elementor-element-4a66451\" data-id=\"4a66451\" data-element_type=\"column\" data-settings=\"{&quot;background_background&quot;:&quot;classic&quot;}\">\n\t\t\t<div class=\"elementor-column-wrap elementor-element-populated\">\n\t\t\t\t\t\t\t<div class=\"elementor-widget-wrap\">\n\t\t\t\t\t\t<div class=\"elementor-element elementor-element-1b8a1093 elementor-widget elementor-widget-heading\" data-id=\"1b8a1093\" data-element_type=\"widget\" data-widget_type=\"heading.default\">\n\t\t\t\t<div class=\"elementor-widget-container\">\n\t\t\t<p class=\"elementor-heading-title elementor-size-default\">gutes tun tut gut<\/p>\t\t<\/div>\n\t\t\t\t<\/div>\n\t\t\t\t<div class=\"elementor-element elementor-element-36d7e651 elementor-widget elementor-widget-heading\" data-id=\"36d7e651\" data-element_type=\"widget\" data-widget_type=\"heading.default\">\n\t\t\t\t<div class=\"elementor-widget-container\">\n\t\t\t<h3 class=\"elementor-heading-title elementor-size-default\">Unterst\u00fctzung<\/h3>\t\t<\/div>\n\t\t\t\t<\/div>\n\t\t\t\t<div class=\"elementor-element elementor-element-575c2f0 elementor-widget-divider--view-line elementor-widget elementor-widget-divider\" data-id=\"575c2f0\" data-element_type=\"widget\" data-widget_type=\"divider.default\">\n\t\t\t\t<div class=\"elementor-widget-container\">\n\t\t\t\t\t<div class=\"elementor-divider\">\n\t\t\t<span class=\"elementor-divider-separator\">\n\t\t\t\t\t\t<\/span>\n\t\t<\/div>\n\t\t\t\t<\/div>\n\t\t\t\t<\/div>\n\t\t\t\t<div class=\"elementor-element elementor-element-7a7df1b9 elementor-widget elementor-widget-text-editor\" data-id=\"7a7df1b9\" data-element_type=\"widget\" data-widget_type=\"text-editor.default\">\n\t\t\t\t<div class=\"elementor-widget-container\">\n\t\t\t\t\t\t\t\t<div class=\"elementor-text-editor elementor-clearfix\">\n\t\t\t\tUnser Landwirtschaftsbetrieb gibt konkret Antwort auf die zeitgem\u00e4sse Forderung, den \u00dcbergang zu finden von fragw\u00fcrdigen, verschwenderischen Produktions- und Konsumformen in die sorgf\u00e4ltige und nachhaltige Produktion inl\u00e4ndischer Lebensmittel. Im Zentrum steht f\u00fcr uns die Haltung, Hilfsstoffe und Ressourcen zu verwenden, welche nat\u00fcrlicherweise zur Verf\u00fcgung stehen, diese zu guten, Produkten zu verarbeiten, welche die allt\u00e4glichen Bed\u00fcrfnisse nach Nahrung durchaus zu erf\u00fcllen verm\u00f6gen. Zur\u00fcck zum Ursprung, aber in der heutigen Zeit. \t\t\t\t\t<\/div>\n\t\t\t\t\t\t<\/div>\n\t\t\t\t<\/div>\n\t\t\t\t\t\t<\/div>\n\t\t\t\t\t<\/div>\n\t\t<\/div>\n\t\t\t\t\t\t\t\t<\/div>\n\t\t\t\t\t<\/div>\n\t\t<\/section>\n\t\t\t\t<section class=\"elementor-section elementor-top-section elementor-element elementor-element-235355bf elementor-section-content-middle elementor-section-height-full elementor-section-boxed elementor-section-height-default elementor-section-items-middle\" data-id=\"235355bf\" data-element_type=\"section\" data-settings=\"{&quot;shape_divider_bottom&quot;:&quot;pyramids&quot;}\">\n\t\t\t\t\t<div class=\"elementor-shape elementor-shape-bottom\" data-negative=\"false\">\n\t\t\t<svg xmlns=\"http:\/\/www.w3.org\/2000\/svg\" viewBox=\"0 0 1000 100\" preserveAspectRatio=\"none\">\n\t<path class=\"elementor-shape-fill\" d=\"M761.9,44.1L643.1,27.2L333.8,98L0,3.8V0l1000,0v3.9\"\/>\n<\/svg>\t\t<\/div>\n\t\t\t\t\t<div class=\"elementor-container elementor-column-gap-no\">\n\t\t\t\t\t\t\t<div class=\"elementor-row\">\n\t\t\t\t\t<div class=\"elementor-column elementor-col-100 elementor-top-column elementor-element elementor-element-1f86185\" data-id=\"1f86185\" data-element_type=\"column\" data-settings=\"{&quot;background_background&quot;:&quot;classic&quot;}\">\n\t\t\t<div class=\"elementor-column-wrap elementor-element-populated\">\n\t\t\t\t\t\t\t<div class=\"elementor-widget-wrap\">\n\t\t\t\t\t\t<section class=\"elementor-section elementor-inner-section elementor-element elementor-element-de449b1 elementor-section-content-middle elementor-section-boxed elementor-section-height-default elementor-section-height-default\" data-id=\"de449b1\" data-element_type=\"section\">\n\t\t\t\t\t\t<div class=\"elementor-container elementor-column-gap-no\">\n\t\t\t\t\t\t\t<div class=\"elementor-row\">\n\t\t\t\t\t\t\t\t\t<\/div>\n\t\t\t\t\t<\/div>\n\t\t<\/section>\n\t\t\t\t<div class=\"elementor-element elementor-element-383f4d6e elementor-widget elementor-widget-heading\" data-id=\"383f4d6e\" data-element_type=\"widget\" data-widget_type=\"heading.default\">\n\t\t\t\t<div class=\"elementor-widget-container\">\n\t\t\t<p class=\"elementor-heading-title elementor-size-default\">denken sie an ihre nachkommen<\/p>\t\t<\/div>\n\t\t\t\t<\/div>\n\t\t\t\t<div class=\"elementor-element elementor-element-6d65b84 elementor-widget elementor-widget-heading\" data-id=\"6d65b84\" data-element_type=\"widget\" data-widget_type=\"heading.default\">\n\t\t\t\t<div class=\"elementor-widget-container\">\n\t\t\t<h4 class=\"elementor-heading-title elementor-size-default\">Unterst\u00fctzung<\/h4>\t\t<\/div>\n\t\t\t\t<\/div>\n\t\t\t\t<div class=\"elementor-element elementor-element-70723999 elementor-widget-divider--view-line elementor-widget elementor-widget-divider\" data-id=\"70723999\" data-element_type=\"widget\" data-widget_type=\"divider.default\">\n\t\t\t\t<div class=\"elementor-widget-container\">\n\t\t\t\t\t<div class=\"elementor-divider\">\n\t\t\t<span class=\"elementor-divider-separator\">\n\t\t\t\t\t\t<\/span>\n\t\t<\/div>\n\t\t\t\t<\/div>\n\t\t\t\t<\/div>\n\t\t\t\t<section class=\"elementor-section elementor-inner-section elementor-element elementor-element-6367e594 elementor-section-boxed elementor-section-height-default elementor-section-height-default\" data-id=\"6367e594\" data-element_type=\"section\">\n\t\t\t\t\t\t<div class=\"elementor-container elementor-column-gap-default\">\n\t\t\t\t\t\t\t<div class=\"elementor-row\">\n\t\t\t\t\t<div class=\"elementor-column elementor-col-100 elementor-inner-column elementor-element elementor-element-23018827\" data-id=\"23018827\" data-element_type=\"column\">\n\t\t\t<div class=\"elementor-column-wrap elementor-element-populated\">\n\t\t\t\t\t\t\t<div class=\"elementor-widget-wrap\">\n\t\t\t\t\t\t<div class=\"elementor-element elementor-element-54dab473 elementor-widget elementor-widget-text-editor\" data-id=\"54dab473\" data-element_type=\"widget\" data-widget_type=\"text-editor.default\">\n\t\t\t\t<div class=\"elementor-widget-container\">\n\t\t\t\t\t\t\t\t<div class=\"elementor-text-editor elementor-clearfix\">\n\t\t\t\t<p>Was Sie mit ihrem Mitwirkenden dabei erfahren, ist vieles zugleich: Frage und Antwort, Versuch und Erfolg, Aufbruch und Erf\u00fcllung, Herausforderung und Begeisterung. Alles um in der Schweiz produzierte und nachhaltige Lebensmittel zu unterst\u00fctzen.<\/p><p>Die Berggebiete wie man sie bei uns findet bilden einen inspirierenden Lebensraum. Wir als Familienbetrieb gestalten selbstbestimmt ihr, sowie unser Leben und leisten so einen wichtigen Beitrag an eine vielf\u00e4ltige Gesellschaft. Mit ihren finanziellen Beitr\u00e4gen f\u00f6rdern Sie die Projekte, damit wir mit zeitgem\u00e4ssem Engagement Ihren und unseren Lebensraum f\u00fcr unsere n\u00e4chste Generation pflegen k\u00f6nnen.<br \/>Wir danken Ihnen f\u00fcr Ihre Unterst\u00fctzung und freuen uns, weiterhin f\u00fcr Sie qualitativ hochstehende, kostenintensive, Schweizer Lebensmittel zu produzieren.<br \/>Ihre Spende, welche Sie in innovative, zukunftsorientierte und gesicherte Schweizer Landwirtschaft investieren. Wir freuen uns, f\u00fcr Sie zu wirken.<br \/>Nach pers\u00f6nlichem Kontakt geben wir Ihnen gerne unsere Bankverbindung bekannt.<\/p><p>Gutes tun tut gut!<\/p><p>Denken Sie an Ihre Nachkommen, welche von der Schweizer Berglandwirtschaft profitieren d\u00fcrfen sollen.<\/p>\t\t\t\t\t<\/div>\n\t\t\t\t\t\t<\/div>\n\t\t\t\t<\/div>\n\t\t\t\t\t\t<\/div>\n\t\t\t\t\t<\/div>\n\t\t<\/div>\n\t\t\t\t\t\t\t\t<\/div>\n\t\t\t\t\t<\/div>\n\t\t<\/section>\n\t\t\t\t\t\t<\/div>\n\t\t\t\t\t<\/div>\n\t\t<\/div>\n\t\t\t\t\t\t\t\t<\/div>\n\t\t\t\t\t<\/div>\n\t\t<\/section>\n\t\t\t\t\t\t<\/div>\n\t\t\t\t\t\t<\/div>\n\t\t\t\t\t<\/div>\n\t\t","protected":false},"excerpt":{"rendered":"<p>gutes tun tut gut Unterst\u00fctzung Unser Landwirtschaftsbetrieb gibt konkret Antwort auf die zeitgem\u00e4sse Forderung, den \u00dcbergang zu finden von fragw\u00fcrdigen, verschwenderischen Produktions- und Konsumformen in die sorgf\u00e4ltige und nachhaltige Produktion inl\u00e4ndischer Lebensmittel. Im Zentrum steht f\u00fcr uns die Haltung, Hilfsstoffe und Ressourcen zu verwenden, welche nat\u00fcrlicherweise zur Verf\u00fcgung stehen, diese [&hellip;]<\/p>\n","protected":false},"author":1,"featured_media":0,"parent":0,"menu_order":0,"comment_status":"closed","ping_status":"closed","template":"page-templates\/template-pagebuilder-full-width.php","meta":[],"_links":{"self":[{"href":"https:\/\/wysstn.ch\/index.php?rest_route=\/wp\/v2\/pages\/412"}],"collection":[{"href":"https:\/\/wysstn.ch\/index.php?rest_route=\/wp\/v2\/pages"}],"about":[{"href":"https:\/\/wysstn.ch\/index.php?rest_route=\/wp\/v2\/types\/page"}],"author":[{"embeddable":true,"href":"https:\/\/wysstn.ch\/index.php?rest_route=\/wp\/v2\/users\/1"}],"replies":[{"embeddable":true,"href":"https:\/\/wysstn.ch\/index.php?rest_route=%2Fwp%2Fv2%2Fcomments&post=412"}],"version-history":[{"count":8,"href":"https:\/\/wysstn.ch\/index.php?rest_route=\/wp\/v2\/pages\/412\/revisions"}],"predecessor-version":[{"id":476,"href":"https:\/\/wysstn.ch\/index.php?rest_route=\/wp\/v2\/pages\/412\/revisions\/476"}],"wp:attachment":[{"href":"https:\/\/wysstn.ch\/index.php?rest_route=%2Fwp%2Fv2%2Fmedia&parent=412"}],"curies":[{"name":"wp","href":"https:\/\/api.w.org\/{rel}","templated":true}]}}